{"id":410,"date":"2023-06-08T19:10:12","date_gmt":"2023-06-08T19:10:12","guid":{"rendered":"https:\/\/saluttimobilebars.com\/index.php\/preguntas-frecuentes\/"},"modified":"2025-09-12T20:35:14","modified_gmt":"2025-09-12T20:35:14","slug":"preguntas-frecuentes","status":"publish","type":"page","link":"https:\/\/saluttimobilebars.com\/es\/preguntas-frecuentes\/","title":{"rendered":"PREGUNTAS FRECUENTES"},"content":{"rendered":"\t\t<div data-elementor-type=\"wp-page\" data-elementor-id=\"410\" class=\"elementor elementor-410 elementor-153\">\n\t\t\t\t<div class=\"elementor-element elementor-element-6de9427 e-flex e-con-boxed e-con e-parent\" data-id=\"6de9427\" data-element_type=\"container\">\n\t\t\t\t\t<div class=\"e-con-inner\">\n\t\t\t\t<div class=\"elementor-element elementor-element-420e7d5 elementor-widget elementor-widget-hub_fancy_heading\" data-id=\"420e7d5\" data-element_type=\"widget\" data-widget_type=\"hub_fancy_heading.default\">\n\t\t\t\t<div class=\"elementor-widget-container\">\n\t\t\t\t\t\n\t\t<div id=\"ld-fancy-heading-69e9df2671b7c\" class=\"ld-fancy-heading pos-rel\">\n\t\t\t<h2 class=\"ld-fh-element d-inline-block pos-rel  elementor-heading-title lqd-highlight-classic lqd-highlight-grow-left h2\"  > Preguntas generales<\/h2>\t\t<\/div>\n\n\t\t\t\t\t\t<\/div>\n\t\t\t\t<\/div>\n\t\t\t\t<div class=\"elementor-element elementor-element-c7a074e elementor-widget elementor-widget-ld_accordion\" data-id=\"c7a074e\" data-element_type=\"widget\" data-widget_type=\"ld_accordion.default\">\n\t\t\t\t<div class=\"elementor-widget-container\">\n\t\t\t\t\t\n\t\t<div class=\"accordion accordion-sm accordion-side-spacing accordion-title-bg-transparent accordion-active-has-shadow accordion-active-has-fill\" id=\"accordion-69e9df26746ab\" role=\"tablist\" aria-multiselectable=\"true\">\n\t\t\t\t\t\t\t\t\t\t\t\t<div class=\"accordion-item panel  active\">\n\n\t\t\t\t<div class=\"accordion-heading\" role=\"tab\" id=\"heading-2091\">\n\t\t\t\t<h4 class=\"accordion-title  tabindex=\"-1\">\t\t\t\t\t<a class=\"\" role=\"button\" data-toggle=\"collapse\" data-bs-toggle=\"collapse\"\n                    tabindex=\"0\"\n\t\t\t\t\tdata-parent=\"#accordion-69e9df26746ab\" data-bs-parent=\"#accordion-69e9df26746ab\" href=\"#collapse-2091\" data-target=\"#collapse-2091\" data-bs-target=\"#collapse-2091\"\n\t\t\t\t\taria-expanded=\"true\" aria-controls=\"collapse-2091\">\n\t\t\t\t\t\t\t\t\t\t\t\t<span class=\"accordion-title-txt\">\u00bfEncajar\u00e1?<\/span>\n\t\t\t\t\t\t\t\t\t\t\t\t\t<span class=\"accordion-expander\"><i class=\"fas fa-plus\"><\/i><i class=\"fas fa-minus\"><\/i><\/span>\t\t\t\t\t\t\t\t\t\t\t<\/a>\n\t\t\t\t<\/h4>\t\t\t\t<\/div>\n\n\t\t\t\t<div id=\"collapse-2091\" class=\"accordion-collapse collapse  show\" data-bs-parent=\"#accordion-69e9df26746ab\" role=\"tabpanel\" aria-labelledby=\"heading-2091\">\n\n\t\t\t\t<div class=\"accordion-content\">\n\t\t\t\t\t<span style=\"font-weight: 400;\">Podemos acomodar eventos en interiores o al aire libre, por favor consulte con su lugar de celebraci\u00f3n antes de reservar nuestros servicios. Bella y Enzo miden 1,80 m de largo, 1,80 m de alto y casi 1,50 m de ancho.<\/span>\n\n<img decoding=\"async\" src=\"https:\/\/saluttimobilebars.com\/wp-content\/uploads\/2025\/09\/Captura-de-pantalla-2025-09-12-151506.png\" alt=\"MDN\" \/>\t\t\t\t<\/div>\n\n\t\t\t\t<\/div>\n\n\t\t\t<\/div>\n\t\t\t\t\t\t\t\t\t<div class=\"accordion-item panel \">\n\n\t\t\t\t<div class=\"accordion-heading\" role=\"tab\" id=\"heading-2092\">\n\t\t\t\t<h4 class=\"accordion-title  tabindex=\"-1\">\t\t\t\t\t<a class=\"collapsed\" role=\"button\" data-toggle=\"collapse\" data-bs-toggle=\"collapse\"\n                    tabindex=\"0\"\n\t\t\t\t\tdata-parent=\"#accordion-69e9df26746ab\" data-bs-parent=\"#accordion-69e9df26746ab\" href=\"#collapse-2092\" data-target=\"#collapse-2092\" data-bs-target=\"#collapse-2092\"\n\t\t\t\t\taria-expanded=\"false\" aria-controls=\"collapse-2092\">\n\t\t\t\t\t\t\t\t\t\t\t\t<span class=\"accordion-title-txt\">\u00bfIncluye este precio la entrega y la instalaci\u00f3n?<\/span>\n\t\t\t\t\t\t\t\t\t\t\t\t\t<span class=\"accordion-expander\"><i class=\"fas fa-plus\"><\/i><i class=\"fas fa-minus\"><\/i><\/span>\t\t\t\t\t\t\t\t\t\t\t<\/a>\n\t\t\t\t<\/h4>\t\t\t\t<\/div>\n\n\t\t\t\t<div id=\"collapse-2092\" class=\"accordion-collapse collapse \" data-bs-parent=\"#accordion-69e9df26746ab\" role=\"tabpanel\" aria-labelledby=\"heading-2092\">\n\n\t\t\t\t<div class=\"accordion-content\">\n\t\t\t\t\t<p><span style=\"font-weight: 400;\">Es responsabilidad del cliente proporcionar el alcohol, somos expertos en servir deliciosas bebidas y crear un ambiente fant\u00e1stico para su evento. Podemos ayudarle con la selecci\u00f3n de la bebida y las cantidades.<\/span><\/p>\t\t\t\t<\/div>\n\n\t\t\t\t<\/div>\n\n\t\t\t<\/div>\n\t\t\t\t\t\t\t\t\t<div class=\"accordion-item panel \">\n\n\t\t\t\t<div class=\"accordion-heading\" role=\"tab\" id=\"heading-2093\">\n\t\t\t\t<h4 class=\"accordion-title  tabindex=\"-1\">\t\t\t\t\t<a class=\"collapsed\" role=\"button\" data-toggle=\"collapse\" data-bs-toggle=\"collapse\"\n                    tabindex=\"0\"\n\t\t\t\t\tdata-parent=\"#accordion-69e9df26746ab\" data-bs-parent=\"#accordion-69e9df26746ab\" href=\"#collapse-2093\" data-target=\"#collapse-2093\" data-bs-target=\"#collapse-2093\"\n\t\t\t\t\taria-expanded=\"false\" aria-controls=\"collapse-2093\">\n\t\t\t\t\t\t\t\t\t\t\t\t<span class=\"accordion-title-txt\">\u00bfTienen una pol\u00edtica de \"raincheck\"?<\/span>\n\t\t\t\t\t\t\t\t\t\t\t\t\t<span class=\"accordion-expander\"><i class=\"fas fa-plus\"><\/i><i class=\"fas fa-minus\"><\/i><\/span>\t\t\t\t\t\t\t\t\t\t\t<\/a>\n\t\t\t\t<\/h4>\t\t\t\t<\/div>\n\n\t\t\t\t<div id=\"collapse-2093\" class=\"accordion-collapse collapse \" data-bs-parent=\"#accordion-69e9df26746ab\" role=\"tabpanel\" aria-labelledby=\"heading-2093\">\n\n\t\t\t\t<div class=\"accordion-content\">\n\t\t\t\t\t<p><span style=\"font-weight: 400;\">Lamentablemente, debido a nuestro modelo de reservas, no podemos ofrecer fechas de recuperaci\u00f3n. Estaremos encantados de trabajar con usted y\/o el coordinador de su evento el d\u00eda del evento para ajustar los horarios si es necesario debido a un retraso por lluvia, si es posible. Es responsabilidad del anfitri\u00f3n prever la cobertura de la carpa u otras medidas en caso de inclemencias meteorol\u00f3gicas. Trabajaremos con sus proveedores para conseguir el mejor plan de respaldo posible para que el espect\u00e1culo pueda continuar. No obstante, por la seguridad de nuestro personal nos reservamos el derecho de cerrar el bar si se dan condiciones peligrosas.<\/span><\/p>\t\t\t\t<\/div>\n\n\t\t\t\t<\/div>\n\n\t\t\t<\/div>\n\t\t\t\t\t\t\t\t\t<div class=\"accordion-item panel \">\n\n\t\t\t\t<div class=\"accordion-heading\" role=\"tab\" id=\"heading-2094\">\n\t\t\t\t<h4 class=\"accordion-title  tabindex=\"-1\">\t\t\t\t\t<a class=\"collapsed\" role=\"button\" data-toggle=\"collapse\" data-bs-toggle=\"collapse\"\n                    tabindex=\"0\"\n\t\t\t\t\tdata-parent=\"#accordion-69e9df26746ab\" data-bs-parent=\"#accordion-69e9df26746ab\" href=\"#collapse-2094\" data-target=\"#collapse-2094\" data-bs-target=\"#collapse-2094\"\n\t\t\t\t\taria-expanded=\"false\" aria-controls=\"collapse-2094\">\n\t\t\t\t\t\t\t\t\t\t\t\t<span class=\"accordion-title-txt\">\u00bfCu\u00e1l es su pol\u00edtica de pagos y devoluciones?<\/span>\n\t\t\t\t\t\t\t\t\t\t\t\t\t<span class=\"accordion-expander\"><i class=\"fas fa-plus\"><\/i><i class=\"fas fa-minus\"><\/i><\/span>\t\t\t\t\t\t\t\t\t\t\t<\/a>\n\t\t\t\t<\/h4>\t\t\t\t<\/div>\n\n\t\t\t\t<div id=\"collapse-2094\" class=\"accordion-collapse collapse \" data-bs-parent=\"#accordion-69e9df26746ab\" role=\"tabpanel\" aria-labelledby=\"heading-2094\">\n\n\t\t\t\t<div class=\"accordion-content\">\n\t\t\t\t\t<p><span style=\"font-weight: 400;\">Nuestras pol\u00edticas coinciden con las de la mayor\u00eda de las empresas profesionales del sector de la organizaci\u00f3n de eventos. Requerimos un dep\u00f3sito del 50% para reservar su fecha y el 50% restante 15 d\u00edas antes de su evento. Si la reserva se efect\u00faa con menos de 15 d\u00edas de antelaci\u00f3n, deber\u00e1 abonarse la totalidad del importe en el momento de efectuar la reserva. Estamos encantados de trabajar con clientes que necesiten reprogramar su evento para una fecha posterior. En caso de cancelaci\u00f3n, se requiere un preaviso m\u00ednimo de 30 d\u00edas. Las fechas reprogramadas deben estar dentro de los 12 meses siguientes a la fecha original y dependen de la disponibilidad. <\/span><\/p>\t\t\t\t<\/div>\n\n\t\t\t\t<\/div>\n\n\t\t\t<\/div>\n\t\t\t\t\t\t\t\t\t<div class=\"accordion-item panel \">\n\n\t\t\t\t<div class=\"accordion-heading\" role=\"tab\" id=\"heading-2095\">\n\t\t\t\t<h4 class=\"accordion-title  tabindex=\"-1\">\t\t\t\t\t<a class=\"collapsed\" role=\"button\" data-toggle=\"collapse\" data-bs-toggle=\"collapse\"\n                    tabindex=\"0\"\n\t\t\t\t\tdata-parent=\"#accordion-69e9df26746ab\" data-bs-parent=\"#accordion-69e9df26746ab\" href=\"#collapse-2095\" data-target=\"#collapse-2095\" data-bs-target=\"#collapse-2095\"\n\t\t\t\t\taria-expanded=\"false\" aria-controls=\"collapse-2095\">\n\t\t\t\t\t\t\t\t\t\t\t\t<span class=\"accordion-title-txt\">\u00bfCon cu\u00e1nta antelaci\u00f3n se puede\/debe reservar?<\/span>\n\t\t\t\t\t\t\t\t\t\t\t\t\t<span class=\"accordion-expander\"><i class=\"fas fa-plus\"><\/i><i class=\"fas fa-minus\"><\/i><\/span>\t\t\t\t\t\t\t\t\t\t\t<\/a>\n\t\t\t\t<\/h4>\t\t\t\t<\/div>\n\n\t\t\t\t<div id=\"collapse-2095\" class=\"accordion-collapse collapse \" data-bs-parent=\"#accordion-69e9df26746ab\" role=\"tabpanel\" aria-labelledby=\"heading-2095\">\n\n\t\t\t\t<div class=\"accordion-content\">\n\t\t\t\t\t<p><span style=\"font-weight: 400;\">A partir de los 6-12 meses. Siempre es posible que se produzca una cancelaci\u00f3n, as\u00ed que no dude en ponerse en contacto con nosotros para comprobar la disponibilidad. La mejor manera de evitar la lista de espera es reservar con antelaci\u00f3n. Nuestros alquileres se reservan por orden de llegada y ninguna fecha se mantiene sin un dep\u00f3sito y un Acuerdo firmado.<\/span><\/p>\t\t\t\t<\/div>\n\n\t\t\t\t<\/div>\n\n\t\t\t<\/div>\n\t\t\t\t\t\t\t\t\t<div class=\"accordion-item panel \">\n\n\t\t\t\t<div class=\"accordion-heading\" role=\"tab\" id=\"heading-2096\">\n\t\t\t\t<h4 class=\"accordion-title  tabindex=\"-1\">\t\t\t\t\t<a class=\"collapsed\" role=\"button\" data-toggle=\"collapse\" data-bs-toggle=\"collapse\"\n                    tabindex=\"0\"\n\t\t\t\t\tdata-parent=\"#accordion-69e9df26746ab\" data-bs-parent=\"#accordion-69e9df26746ab\" href=\"#collapse-2096\" data-target=\"#collapse-2096\" data-bs-target=\"#collapse-2096\"\n\t\t\t\t\taria-expanded=\"false\" aria-controls=\"collapse-2096\">\n\t\t\t\t\t\t\t\t\t\t\t\t<span class=\"accordion-title-txt\">\u00bfCu\u00e1ndo se llega el d\u00eda del evento?<\/span>\n\t\t\t\t\t\t\t\t\t\t\t\t\t<span class=\"accordion-expander\"><i class=\"fas fa-plus\"><\/i><i class=\"fas fa-minus\"><\/i><\/span>\t\t\t\t\t\t\t\t\t\t\t<\/a>\n\t\t\t\t<\/h4>\t\t\t\t<\/div>\n\n\t\t\t\t<div id=\"collapse-2096\" class=\"accordion-collapse collapse \" data-bs-parent=\"#accordion-69e9df26746ab\" role=\"tabpanel\" aria-labelledby=\"heading-2096\">\n\n\t\t\t\t<div class=\"accordion-content\">\n\t\t\t\t\t<p><span style=\"font-weight: 400;\">Llegamos 2 horas antes del comienzo del evento. Esto garantiza que la cerveza o el alcohol est\u00e9n bien refrigerados y listos para servir.<\/span><\/p>\t\t\t\t<\/div>\n\n\t\t\t\t<\/div>\n\n\t\t\t<\/div>\n\t\t\t\t\t\t\n\t\t<\/div>\n\n\t\t\t\t\t\t<\/div>\n\t\t\t\t<\/div>\n\t\t\t\t\t<\/div>\n\t\t\t\t<\/div>\n\t\t<div class=\"elementor-element elementor-element-00acfa9 e-flex e-con-boxed e-con e-parent\" data-id=\"00acfa9\" data-element_type=\"container\">\n\t\t\t\t\t<div class=\"e-con-inner\">\n\t\t\t\t<div class=\"elementor-element elementor-element-5c02a16 elementor-widget elementor-widget-hub_fancy_heading\" data-id=\"5c02a16\" data-element_type=\"widget\" data-widget_type=\"hub_fancy_heading.default\">\n\t\t\t\t<div class=\"elementor-widget-container\">\n\t\t\t\t\t\n\t\t<div id=\"ld-fancy-heading-69e9df2675110\" class=\"ld-fancy-heading pos-rel\">\n\t\t\t<h2 class=\"ld-fh-element d-inline-block pos-rel  elementor-heading-title lqd-highlight-classic lqd-highlight-grow-left h2\"  > Preguntas frecuentes adicionales<\/h2>\t\t<\/div>\n\n\t\t\t\t\t\t<\/div>\n\t\t\t\t<\/div>\n\t\t\t\t<div class=\"elementor-element elementor-element-89c573a elementor-widget elementor-widget-ld_accordion\" data-id=\"89c573a\" data-element_type=\"widget\" data-widget_type=\"ld_accordion.default\">\n\t\t\t\t<div class=\"elementor-widget-container\">\n\t\t\t\t\t\n\t\t<div class=\"accordion accordion-sm accordion-side-spacing accordion-title-bg-transparent accordion-active-has-shadow accordion-active-has-fill\" id=\"accordion-69e9df2675646\" role=\"tablist\" aria-multiselectable=\"true\">\n\t\t\t\t\t\t\t\t\t\t\t\t<div class=\"accordion-item panel  active\">\n\n\t\t\t\t<div class=\"accordion-heading\" role=\"tab\" id=\"heading-1441\">\n\t\t\t\t<h4 class=\"accordion-title  tabindex=\"-1\">\t\t\t\t\t<a class=\"\" role=\"button\" data-toggle=\"collapse\" data-bs-toggle=\"collapse\"\n                    tabindex=\"0\"\n\t\t\t\t\tdata-parent=\"#accordion-69e9df2675646\" data-bs-parent=\"#accordion-69e9df2675646\" href=\"#collapse-1441\" data-target=\"#collapse-1441\" data-bs-target=\"#collapse-1441\"\n\t\t\t\t\taria-expanded=\"true\" aria-controls=\"collapse-1441\">\n\t\t\t\t\t\t\t\t\t\t\t\t<span class=\"accordion-title-txt\">\u00bfIncluye este precio la entrega y la instalaci\u00f3n?<\/span>\n\t\t\t\t\t\t\t\t\t\t\t\t\t<span class=\"accordion-expander\"><i class=\"fas fa-plus\"><\/i><i class=\"fas fa-minus\"><\/i><\/span>\t\t\t\t\t\t\t\t\t\t\t<\/a>\n\t\t\t\t<\/h4>\t\t\t\t<\/div>\n\n\t\t\t\t<div id=\"collapse-1441\" class=\"accordion-collapse collapse  show\" data-bs-parent=\"#accordion-69e9df2675646\" role=\"tabpanel\" aria-labelledby=\"heading-1441\">\n\n\t\t\t\t<div class=\"accordion-content\">\n\t\t\t\t\t<p><span style=\"font-weight: 400;\">S\u00ed. Ofrecemos entrega gratuita dentro de 20 millas de distancia de nuestra ubicaci\u00f3n de almacenamiento 33166. Para el resto de zonas, los gastos de env\u00edo son de 2,50 $ por kil\u00f3metro. Si vive fuera de nuestra zona de entrega gratuita, le recomendamos que pregunte antes de reservar para obtener un presupuesto. <\/span><\/p>\t\t\t\t<\/div>\n\n\t\t\t\t<\/div>\n\n\t\t\t<\/div>\n\t\t\t\t\t\t\t\t\t<div class=\"accordion-item panel \">\n\n\t\t\t\t<div class=\"accordion-heading\" role=\"tab\" id=\"heading-1442\">\n\t\t\t\t<h4 class=\"accordion-title  tabindex=\"-1\">\t\t\t\t\t<a class=\"collapsed\" role=\"button\" data-toggle=\"collapse\" data-bs-toggle=\"collapse\"\n                    tabindex=\"0\"\n\t\t\t\t\tdata-parent=\"#accordion-69e9df2675646\" data-bs-parent=\"#accordion-69e9df2675646\" href=\"#collapse-1442\" data-target=\"#collapse-1442\" data-bs-target=\"#collapse-1442\"\n\t\t\t\t\taria-expanded=\"false\" aria-controls=\"collapse-1442\">\n\t\t\t\t\t\t\t\t\t\t\t\t<span class=\"accordion-title-txt\">\u00bfNecesita una fianza?<\/span>\n\t\t\t\t\t\t\t\t\t\t\t\t\t<span class=\"accordion-expander\"><i class=\"fas fa-plus\"><\/i><i class=\"fas fa-minus\"><\/i><\/span>\t\t\t\t\t\t\t\t\t\t\t<\/a>\n\t\t\t\t<\/h4>\t\t\t\t<\/div>\n\n\t\t\t\t<div id=\"collapse-1442\" class=\"accordion-collapse collapse \" data-bs-parent=\"#accordion-69e9df2675646\" role=\"tabpanel\" aria-labelledby=\"heading-1442\">\n\n\t\t\t\t<div class=\"accordion-content\">\n\t\t\t\t\t<p><span style=\"font-weight: 400;\">No. Los castillos inflables se pueden agregar cuando usted compra nuestros servicios m\u00f3viles de la barra y del carro, este precio ser\u00e1 incluido en nuestra lista de los paquetes as\u00ed que llene por favor su informaci\u00f3n en nuestra p\u00e1gina del contacto.<\/span><\/p>\t\t\t\t<\/div>\n\n\t\t\t\t<\/div>\n\n\t\t\t<\/div>\n\t\t\t\t\t\t\t\t\t<div class=\"accordion-item panel \">\n\n\t\t\t\t<div class=\"accordion-heading\" role=\"tab\" id=\"heading-1443\">\n\t\t\t\t<h4 class=\"accordion-title  tabindex=\"-1\">\t\t\t\t\t<a class=\"collapsed\" role=\"button\" data-toggle=\"collapse\" data-bs-toggle=\"collapse\"\n                    tabindex=\"0\"\n\t\t\t\t\tdata-parent=\"#accordion-69e9df2675646\" data-bs-parent=\"#accordion-69e9df2675646\" href=\"#collapse-1443\" data-target=\"#collapse-1443\" data-bs-target=\"#collapse-1443\"\n\t\t\t\t\taria-expanded=\"false\" aria-controls=\"collapse-1443\">\n\t\t\t\t\t\t\t\t\t\t\t\t<span class=\"accordion-title-txt\">\u00bfCu\u00e1ndo se preparan y recogen?<\/span>\n\t\t\t\t\t\t\t\t\t\t\t\t\t<span class=\"accordion-expander\"><i class=\"fas fa-plus\"><\/i><i class=\"fas fa-minus\"><\/i><\/span>\t\t\t\t\t\t\t\t\t\t\t<\/a>\n\t\t\t\t<\/h4>\t\t\t\t<\/div>\n\n\t\t\t\t<div id=\"collapse-1443\" class=\"accordion-collapse collapse \" data-bs-parent=\"#accordion-69e9df2675646\" role=\"tabpanel\" aria-labelledby=\"heading-1443\">\n\n\t\t\t\t<div class=\"accordion-content\">\n\t\t\t\t\t<p><span style=\"font-weight: 400;\">Nos instalamos 1 hora antes de tu fiesta. Coordinaremos una ventana de entrega espec\u00edfica en funci\u00f3n de la hora de inicio de su evento. En caso de que necesite un plazo de entrega especial, h\u00e1ganoslo saber y haremos todo lo posible por complacerle.<\/span><\/p><p><span style=\"font-weight: 400;\">Recogemos el mismo d\u00eda despu\u00e9s de que finalice su evento. Esto nos da tiempo para limpiar y preparar el alquiler para el evento del d\u00eda siguiente. Las recogidas solicitadas despu\u00e9s de las 21:00 tendr\u00e1n un cargo adicional de 50 $.<\/span><\/p>\t\t\t\t<\/div>\n\n\t\t\t\t<\/div>\n\n\t\t\t<\/div>\n\t\t\t\t\t\t\t\t\t<div class=\"accordion-item panel \">\n\n\t\t\t\t<div class=\"accordion-heading\" role=\"tab\" id=\"heading-1444\">\n\t\t\t\t<h4 class=\"accordion-title  tabindex=\"-1\">\t\t\t\t\t<a class=\"collapsed\" role=\"button\" data-toggle=\"collapse\" data-bs-toggle=\"collapse\"\n                    tabindex=\"0\"\n\t\t\t\t\tdata-parent=\"#accordion-69e9df2675646\" data-bs-parent=\"#accordion-69e9df2675646\" href=\"#collapse-1444\" data-target=\"#collapse-1444\" data-bs-target=\"#collapse-1444\"\n\t\t\t\t\taria-expanded=\"false\" aria-controls=\"collapse-1444\">\n\t\t\t\t\t\t\t\t\t\t\t\t<span class=\"accordion-title-txt\">\u00bfQu\u00e9 ocurre si tengo que cancelar?<\/span>\n\t\t\t\t\t\t\t\t\t\t\t\t\t<span class=\"accordion-expander\"><i class=\"fas fa-plus\"><\/i><i class=\"fas fa-minus\"><\/i><\/span>\t\t\t\t\t\t\t\t\t\t\t<\/a>\n\t\t\t\t<\/h4>\t\t\t\t<\/div>\n\n\t\t\t\t<div id=\"collapse-1444\" class=\"accordion-collapse collapse \" data-bs-parent=\"#accordion-69e9df2675646\" role=\"tabpanel\" aria-labelledby=\"heading-1444\">\n\n\t\t\t\t<div class=\"accordion-content\">\n\t\t\t\t\t<p><span style=\"font-weight: 400;\">Si necesita cancelar su evento, mantendremos su dep\u00f3sito no reembolsable de $100 y podr\u00e1 reprogramarlo para cualquier fecha futura. Cuando est\u00e9 listo para reprogramar, el dep\u00f3sito se aplicar\u00e1 a la nueva fecha de su evento. Si cambia la fecha de su evento m\u00e1s de una vez, se le cobrar\u00e1 un recargo de 50 $.<\/span><\/p><p><span style=\"font-weight: 400;\">Le rogamos que nos avise con la mayor antelaci\u00f3n posible en caso de cancelaci\u00f3n o cambio de fecha.<\/span><\/p>\t\t\t\t<\/div>\n\n\t\t\t\t<\/div>\n\n\t\t\t<\/div>\n\t\t\t\t\t\t\t\t\t<div class=\"accordion-item panel \">\n\n\t\t\t\t<div class=\"accordion-heading\" role=\"tab\" id=\"heading-1445\">\n\t\t\t\t<h4 class=\"accordion-title  tabindex=\"-1\">\t\t\t\t\t<a class=\"collapsed\" role=\"button\" data-toggle=\"collapse\" data-bs-toggle=\"collapse\"\n                    tabindex=\"0\"\n\t\t\t\t\tdata-parent=\"#accordion-69e9df2675646\" data-bs-parent=\"#accordion-69e9df2675646\" href=\"#collapse-1445\" data-target=\"#collapse-1445\" data-bs-target=\"#collapse-1445\"\n\t\t\t\t\taria-expanded=\"false\" aria-controls=\"collapse-1445\">\n\t\t\t\t\t\t\t\t\t\t\t\t<span class=\"accordion-title-txt\">\u00bfTe instalas en parques?<\/span>\n\t\t\t\t\t\t\t\t\t\t\t\t\t<span class=\"accordion-expander\"><i class=\"fas fa-plus\"><\/i><i class=\"fas fa-minus\"><\/i><\/span>\t\t\t\t\t\t\t\t\t\t\t<\/a>\n\t\t\t\t<\/h4>\t\t\t\t<\/div>\n\n\t\t\t\t<div id=\"collapse-1445\" class=\"accordion-collapse collapse \" data-bs-parent=\"#accordion-69e9df2675646\" role=\"tabpanel\" aria-labelledby=\"heading-1445\">\n\n\t\t\t\t<div class=\"accordion-content\">\n\t\t\t\t\t<p><span style=\"font-weight: 400;\">Tenemos licencia y seguro completos, por lo que podemos instalarnos en parques. Debes asegurarte de que el parque dispone de una conexi\u00f3n el\u00e9ctrica para alimentar el soplador. Ofrecemos alquiler de generadores por 75 $. Consulta con antelaci\u00f3n en tu parque qu\u00e9 permisos o pruebas de seguro necesitan que aportemos.<\/span><\/p>\t\t\t\t<\/div>\n\n\t\t\t\t<\/div>\n\n\t\t\t<\/div>\n\t\t\t\t\t\t\t\t\t<div class=\"accordion-item panel \">\n\n\t\t\t\t<div class=\"accordion-heading\" role=\"tab\" id=\"heading-1446\">\n\t\t\t\t<h4 class=\"accordion-title  tabindex=\"-1\">\t\t\t\t\t<a class=\"collapsed\" role=\"button\" data-toggle=\"collapse\" data-bs-toggle=\"collapse\"\n                    tabindex=\"0\"\n\t\t\t\t\tdata-parent=\"#accordion-69e9df2675646\" data-bs-parent=\"#accordion-69e9df2675646\" href=\"#collapse-1446\" data-target=\"#collapse-1446\" data-bs-target=\"#collapse-1446\"\n\t\t\t\t\taria-expanded=\"false\" aria-controls=\"collapse-1446\">\n\t\t\t\t\t\t\t\t\t\t\t\t<span class=\"accordion-title-txt\">\u00bfPodemos a\u00f1adir globos, flores y carteles personalizados?<\/span>\n\t\t\t\t\t\t\t\t\t\t\t\t\t<span class=\"accordion-expander\"><i class=\"fas fa-plus\"><\/i><i class=\"fas fa-minus\"><\/i><\/span>\t\t\t\t\t\t\t\t\t\t\t<\/a>\n\t\t\t\t<\/h4>\t\t\t\t<\/div>\n\n\t\t\t\t<div id=\"collapse-1446\" class=\"accordion-collapse collapse \" data-bs-parent=\"#accordion-69e9df2675646\" role=\"tabpanel\" aria-labelledby=\"heading-1446\">\n\n\t\t\t\t<div class=\"accordion-content\">\n\t\t\t\t\t<p>S\u00ed, puede a\u00f1adir globos, flores y carteles personalizados a nuestros vagones bar m\u00f3viles como complementos opcionales. Encontrar\u00e1 m\u00e1s detalles en la p\u00e1gina COMPLEMENTOS. Nuestro equipo puede encargarse de la instalaci\u00f3n por usted, o podemos coordinarnos con su organizador de fiestas para asegurarnos de que todo quede perfecto.<\/p>\t\t\t\t<\/div>\n\n\t\t\t\t<\/div>\n\n\t\t\t<\/div>\n\t\t\t\t\t\t\n\t\t<\/div>\n\n\t\t\t\t\t\t<\/div>\n\t\t\t\t<\/div>\n\t\t\t\t\t<\/div>\n\t\t\t\t<\/div>\n\t\t\t\t<\/div>\n\t\t","protected":false},"excerpt":{"rendered":"<p>Preguntas generales \u00bfIncluye este precio la entrega y la instalaci\u00f3n? Es responsabilidad del cliente proporcionar el alcohol, somos expertos en servir deliciosas bebidas y crear un ambiente fant\u00e1stico para su evento. Podemos ayudarle con la selecci\u00f3n de la bebida y las cantidades. \u00bfCu\u00e1l es su pol\u00edtica de pagos y devoluciones? Nuestras pol\u00edticas coinciden con las [&hellip;]<\/p>\n","protected":false},"author":2,"featured_media":0,"parent":0,"menu_order":0,"comment_status":"closed","ping_status":"closed","template":"","meta":{"inline_featured_image":false,"footnotes":""},"class_list":["post-410","page","type-page","status-publish","hentry"],"_links":{"self":[{"href":"https:\/\/saluttimobilebars.com\/es\/wp-json\/wp\/v2\/pages\/410","targetHints":{"allow":["GET"]}}],"collection":[{"href":"https:\/\/saluttimobilebars.com\/es\/wp-json\/wp\/v2\/pages"}],"about":[{"href":"https:\/\/saluttimobilebars.com\/es\/wp-json\/wp\/v2\/types\/page"}],"author":[{"embeddable":true,"href":"https:\/\/saluttimobilebars.com\/es\/wp-json\/wp\/v2\/users\/2"}],"replies":[{"embeddable":true,"href":"https:\/\/saluttimobilebars.com\/es\/wp-json\/wp\/v2\/comments?post=410"}],"version-history":[{"count":20,"href":"https:\/\/saluttimobilebars.com\/es\/wp-json\/wp\/v2\/pages\/410\/revisions"}],"predecessor-version":[{"id":1090,"href":"https:\/\/saluttimobilebars.com\/es\/wp-json\/wp\/v2\/pages\/410\/revisions\/1090"}],"wp:attachment":[{"href":"https:\/\/saluttimobilebars.com\/es\/wp-json\/wp\/v2\/media?parent=410"}],"curies":[{"name":"wp","href":"https:\/\/api.w.org\/{rel}","templated":true}]}}